{"id":9989,"date":"2024-04-10T12:26:57","date_gmt":"2024-04-10T12:26:57","guid":{"rendered":"https:\/\/studyinvalencia.es\/contactenos\/"},"modified":"2026-04-24T07:16:56","modified_gmt":"2026-04-24T07:16:56","slug":"contacto","status":"publish","type":"page","link":"https:\/\/studyinvalencia.es\/es\/contacto\/","title":{"rendered":"CONTACTO"},"content":{"rendered":"\t\t<div data-elementor-type=\"wp-page\" data-elementor-id=\"9989\" class=\"elementor elementor-9989 elementor-36\" data-elementor-post-type=\"page\">\n\t\t\t\t<div class=\"elementor-element elementor-element-534ff6d e-flex e-con-boxed e-con e-parent\" data-id=\"534ff6d\" data-element_type=\"container\" data-e-type=\"container\" data-settings=\"{&quot;background_background&quot;:&quot;classic&quot;}\">\n\t\t\t\t\t<div class=\"e-con-inner\">\n\t\t\t\t<div class=\"elementor-element elementor-element-9cb1363 elementor-widget elementor-widget-heading\" data-id=\"9cb1363\" data-element_type=\"widget\" data-e-type=\"widget\" data-widget_type=\"heading.default\">\n\t\t\t\t\t<h1 class=\"elementor-heading-title elementor-size-default\">CONTACTA<br>CON NOSOTROS<\/h1>\t\t\t\t<\/div>\n\t\t\t\t<div class=\"elementor-element elementor-element-0d44519 elementor-widget elementor-widget-heading\" data-id=\"0d44519\" data-element_type=\"widget\" data-e-type=\"widget\" data-widget_type=\"heading.default\">\n\t\t\t\t\t<p class=\"elementor-heading-title elementor-size-default\">Estaremos encantados de hablar contigo<\/p>\t\t\t\t<\/div>\n\t\t\t\t<div class=\"elementor-element elementor-element-8f81701 elementor-mobile-align-justify elementor-invisible elementor-widget elementor-widget-button\" data-id=\"8f81701\" data-element_type=\"widget\" data-e-type=\"widget\" data-settings=\"{&quot;_animation&quot;:&quot;fadeInDown&quot;}\" data-widget_type=\"button.default\">\n\t\t\t\t\t\t\t\t\t\t<a class=\"elementor-button elementor-button-link elementor-size-sm\" href=\"#contact\">\n\t\t\t\t\t\t<span class=\"elementor-button-content-wrapper\">\n\t\t\t\t\t\t\t\t\t<span class=\"elementor-button-text\">Env\u00eda tu pregunta \u203a<\/span>\n\t\t\t\t\t<\/span>\n\t\t\t\t\t<\/a>\n\t\t\t\t\t\t\t\t<\/div>\n\t\t\t\t\t<\/div>\n\t\t\t\t<\/div>\n\t\t<div class=\"elementor-element elementor-element-3253e81 e-con-full e-flex e-con e-parent\" data-id=\"3253e81\" data-element_type=\"container\" data-e-type=\"container\" data-settings=\"{&quot;background_background&quot;:&quot;classic&quot;}\">\n\t\t<div class=\"elementor-element elementor-element-2436e99 e-con-full e-flex e-con e-child\" data-id=\"2436e99\" data-element_type=\"container\" data-e-type=\"container\" data-settings=\"{&quot;background_background&quot;:&quot;classic&quot;}\">\n\t\t\t\t<div class=\"elementor-element elementor-element-8800e13 elementor-widget elementor-widget-image\" data-id=\"8800e13\" data-element_type=\"widget\" data-e-type=\"widget\" data-widget_type=\"image.default\">\n\t\t\t\t\t\t\t\t\t\t\t\t\t\t\t<img decoding=\"async\" width=\"177\" height=\"179\" src=\"https:\/\/studyinvalencia.es\/wp-content\/uploads\/2024\/07\/LOGO-PROGRAMS-STUDY-IN-VALENCIA-10.png\" class=\"attachment-large size-large wp-image-9381\" alt=\"\" \/>\t\t\t\t\t\t\t\t\t\t\t\t\t\t\t<\/div>\n\t\t\t\t<div class=\"elementor-element elementor-element-68c27b8 elementor-widget elementor-widget-heading\" data-id=\"68c27b8\" data-element_type=\"widget\" data-e-type=\"widget\" data-widget_type=\"heading.default\">\n\t\t\t\t\t<h2 class=\"elementor-heading-title elementor-size-default\">P\u00f3ngase en contacto con nuestro equipo<\/h2>\t\t\t\t<\/div>\n\t\t\t\t<div class=\"elementor-element elementor-element-ba3f58b elementor-widget elementor-widget-heading\" data-id=\"ba3f58b\" data-element_type=\"widget\" data-e-type=\"widget\" data-widget_type=\"heading.default\">\n\t\t\t\t\t<p class=\"elementor-heading-title elementor-size-default\">Nuestro equipo le guiar\u00e1 desde la elecci\u00f3n de su programa hasta la solicitud de su visado de estudiante. Cont\u00e1ctenos hoy mismo para recibir apoyo personalizado. <\/p>\t\t\t\t<\/div>\n\t\t\t\t<\/div>\n\t\t<div class=\"elementor-element elementor-element-5da82d1 e-con-full e-flex e-con e-child\" data-id=\"5da82d1\" data-element_type=\"container\" data-e-type=\"container\">\n\t\t\t\t<div class=\"elementor-element elementor-element-e2eb138 elementor-widget elementor-widget-html\" data-id=\"e2eb138\" data-element_type=\"widget\" data-e-type=\"widget\" id=\"contact\" data-widget_type=\"html.default\">\n\t\t\t\t\t<iframe aria-label='\u00a1INF\u00d3RMATE!' frameborder=\"0\" allow=\"geolocation;\" style=\"height:700px;width:100%;border:none;\" src='https:\/\/forms.zohopublic.com\/mktih1\/form\/INFRMATE2\/formperma\/zeNYdA8KiTSDsYlNoCi0dxkJNvrKMb8QleHr8b0J6Do'><\/iframe>\t\t\t\t<\/div>\n\t\t\t\t<\/div>\n\t\t\t\t<\/div>\n\t\t<div class=\"elementor-element elementor-element-e1296dd e-flex e-con-boxed e-con e-parent\" data-id=\"e1296dd\" data-element_type=\"container\" data-e-type=\"container\" data-settings=\"{&quot;background_background&quot;:&quot;classic&quot;}\">\n\t\t\t\t\t<div class=\"e-con-inner\">\n\t\t<div class=\"elementor-element elementor-element-9c2246e e-con-full e-flex e-con e-child\" data-id=\"9c2246e\" data-element_type=\"container\" data-e-type=\"container\">\n\t\t\t\t<div class=\"elementor-element elementor-element-49612ce elementor-widget elementor-widget-heading\" data-id=\"49612ce\" data-element_type=\"widget\" data-e-type=\"widget\" data-widget_type=\"heading.default\">\n\t\t\t\t\t<h2 class=\"elementor-heading-title elementor-size-default\">UBICACI\u00d3N<\/h2>\t\t\t\t<\/div>\n\t\t\t\t<div class=\"elementor-element elementor-element-65aab9b elementor-widget elementor-widget-html\" data-id=\"65aab9b\" data-element_type=\"widget\" data-e-type=\"widget\" data-widget_type=\"html.default\">\n\t\t\t\t\t<script type=\"application\/ld+json\">{\r\n  \"@context\": \"https:\/\/schema.org\",\r\n  \"@graph\": [\r\n    {\r\n      \"@type\": \"ContactPage\",\r\n      \"@id\": \"https:\/\/studyinvalencia.es\/contact\/#webpage\",\r\n      \"url\": \"https:\/\/studyinvalencia.es\/contact\/\",\r\n      \"name\": \"Contact Study in Valencia\",\r\n      \"description\": \"Contact Study in Valencia for personalized guidance about official programs in Spain, student visa support, and accommodation.\"\r\n    },\r\n    {\r\n      \"@type\": \"EducationalOrganization\",\r\n      \"@id\": \"https:\/\/studyinvalencia.es\/#organization\",\r\n      \"name\": \"Study in Valencia\",\r\n      \"url\": \"https:\/\/studyinvalencia.es\/\",\r\n      \"description\": \"Educational institution in Valencia offering official programs in Spain for international students.\",\r\n      \"telephone\": \"+34961348825\",\r\n      \"image\": \"https:\/\/studyinvalencia.es\/wp-content\/uploads\/2024\/07\/LOGO-PROGRAMS-STUDY-IN-VALENCIA-10.png\",\r\n      \"address\": {\r\n        \"@type\": \"PostalAddress\",\r\n        \"streetAddress\": \"Avinguda del Cardenal Benlloch, 108\",\r\n        \"postalCode\": \"46021\",\r\n        \"addressLocality\": \"Val\u00e8ncia\",\r\n        \"addressRegion\": \"Valencia\",\r\n        \"addressCountry\": \"ES\"\r\n      },\r\n      \"openingHoursSpecification\": [\r\n        {\r\n          \"@type\": \"OpeningHoursSpecification\",\r\n          \"dayOfWeek\": [\"Monday\",\"Tuesday\",\"Wednesday\",\"Thursday\",\"Friday\"],\r\n          \"opens\": \"08:30\",\r\n          \"closes\": \"18:30\"\r\n        }\r\n      ],\r\n      \"contactPoint\": [\r\n        {\r\n          \"@type\": \"ContactPoint\",\r\n          \"contactType\": \"customer support\",\r\n          \"telephone\": \"+34961348825\",\r\n          \"availableLanguage\": [\"English\",\"Spanish\"]\r\n        },\r\n        {\r\n          \"@type\": \"ContactPoint\",\r\n          \"contactType\": \"admissions\",\r\n          \"telephone\": \"+34961348825\",\r\n          \"availableLanguage\": [\"English\",\"Spanish\"]\r\n        }\r\n      ],\r\n      \"areaServed\": {\r\n        \"@type\": \"Country\",\r\n        \"name\": \"Spain\"\r\n      }\r\n    }\r\n  ]\r\n}\r\n<\/script>\t\t\t\t<\/div>\n\t\t\t\t<div class=\"elementor-element elementor-element-fa60851 elementor-invisible elementor-widget elementor-widget-text-editor\" data-id=\"fa60851\" data-element_type=\"widget\" data-e-type=\"widget\" data-settings=\"{&quot;_animation&quot;:&quot;fadeIn&quot;,&quot;_animation_delay&quot;:200}\" data-widget_type=\"text-editor.default\">\n\t\t\t\t\t\t\t\t\t<p>Study in Valencia tiene su sede en Valencia, <strong>una de las ciudades m\u00e1s din\u00e1micas y amigables para los estudiantes<\/strong> de Espa\u00f1a.<\/p><p>Situada en la costa mediterr\u00e1nea, la ciudad ofrece un <strong>excelente entorno para estudiantes internacionales<\/strong>, combinando una educaci\u00f3n de alta calidad con una vibrante experiencia cultural y de estilo de vida.<\/p>\t\t\t\t\t\t\t\t<\/div>\n\t\t\t\t<div class=\"elementor-element elementor-element-33329dd elementor-invisible elementor-widget elementor-widget-text-editor\" data-id=\"33329dd\" data-element_type=\"widget\" data-e-type=\"widget\" data-settings=\"{&quot;_animation&quot;:&quot;fadeIn&quot;,&quot;_animation_delay&quot;:200}\" data-widget_type=\"text-editor.default\">\n\t\t\t\t\t\t\t\t\t<p><strong>Study in Valencia:<\/strong><\/p><p>\ud83d\udccd Avinguda del Cardenal Benlloch, 108, Algir\u00f3s, 46021 Val\u00e8ncia, Valencia<\/p><p>\ud83d\udcf2 Tel. 961 34 88 25<\/p><p>\ud83d\udcc6 8:30 &#8211; 18:30<\/p>\t\t\t\t\t\t\t\t<\/div>\n\t\t\t\t<div class=\"elementor-element elementor-element-fef84b5 elementor-mobile-align-center elementor-invisible elementor-widget elementor-widget-button\" data-id=\"fef84b5\" data-element_type=\"widget\" data-e-type=\"widget\" data-settings=\"{&quot;_animation&quot;:&quot;fadeInDown&quot;}\" data-widget_type=\"button.default\">\n\t\t\t\t\t\t\t\t\t\t<a class=\"elementor-button elementor-button-link elementor-size-sm\" href=\"https:\/\/maps.app.goo.gl\/g5m4q2SW1LbHiAfp6\">\n\t\t\t\t\t\t<span class=\"elementor-button-content-wrapper\">\n\t\t\t\t\t\t\t\t\t<span class=\"elementor-button-text\">C\u00f3mo llegar a nuestras instalaciones \u203a<\/span>\n\t\t\t\t\t<\/span>\n\t\t\t\t\t<\/a>\n\t\t\t\t\t\t\t\t<\/div>\n\t\t\t\t<\/div>\n\t\t<div class=\"elementor-element elementor-element-31591d9 e-con-full e-flex e-con e-child\" data-id=\"31591d9\" data-element_type=\"container\" data-e-type=\"container\">\n\t\t\t\t<div class=\"elementor-element elementor-element-b442c0f elementor-widget elementor-widget-image\" data-id=\"b442c0f\" data-element_type=\"widget\" data-e-type=\"widget\" data-widget_type=\"image.default\">\n\t\t\t\t\t\t\t\t\t\t\t\t\t\t\t<img fetchpriority=\"high\" decoding=\"async\" width=\"2560\" height=\"1708\" src=\"https:\/\/studyinvalencia.es\/wp-content\/uploads\/2025\/11\/boat-lot-water-with-people-near-building-daytime-scaled.jpg\" class=\"attachment-full size-full wp-image-9915\" alt=\"Study in Valencia\" srcset=\"https:\/\/studyinvalencia.es\/wp-content\/uploads\/2025\/11\/boat-lot-water-with-people-near-building-daytime-scaled.jpg 2560w, https:\/\/studyinvalencia.es\/wp-content\/uploads\/2025\/11\/boat-lot-water-with-people-near-building-daytime-300x200.jpg 300w, https:\/\/studyinvalencia.es\/wp-content\/uploads\/2025\/11\/boat-lot-water-with-people-near-building-daytime-1024x683.jpg 1024w, https:\/\/studyinvalencia.es\/wp-content\/uploads\/2025\/11\/boat-lot-water-with-people-near-building-daytime-768x512.jpg 768w, https:\/\/studyinvalencia.es\/wp-content\/uploads\/2025\/11\/boat-lot-water-with-people-near-building-daytime-1536x1025.jpg 1536w, https:\/\/studyinvalencia.es\/wp-content\/uploads\/2025\/11\/boat-lot-water-with-people-near-building-daytime-2048x1366.jpg 2048w\" sizes=\"(max-width: 2560px) 100vw, 2560px\" \/>\t\t\t\t\t\t\t\t\t\t\t\t\t\t\t<\/div>\n\t\t\t\t<\/div>\n\t\t\t\t\t<\/div>\n\t\t\t\t<\/div>\n\t\t\t\t<\/div>\n\t\t","protected":false},"excerpt":{"rendered":"<p>CONTACTACON NOSOTROS Estaremos encantados de hablar contigo Env\u00eda tu pregunta \u203a P\u00f3ngase en contacto con nuestro equipo Nuestro equipo le guiar\u00e1 desde la elecci\u00f3n de su programa hasta la solicitud de su visado de estudiante. Cont\u00e1ctenos hoy mismo para recibir apoyo personalizado. UBICACI\u00d3N Study in Valencia tiene su sede en Valencia, una de las ciudades [&hellip;]<\/p>\n","protected":false},"author":1,"featured_media":0,"parent":0,"menu_order":0,"comment_status":"closed","ping_status":"closed","template":"","meta":{"footnotes":""},"class_list":["post-9989","page","type-page","status-publish","hentry"],"yoast_head":"<!-- This site is optimized with the Yoast SEO plugin v27.5 - https:\/\/yoast.com\/product\/yoast-seo-wordpress\/ -->\n<title>\u00a1Contacta con Nuestra Escuela! | Study in Valencia<\/title>\n<meta name=\"description\" content=\"Contacta con nosotros y obtenga orientaci\u00f3n personalizada para estudiar en Espa\u00f1a: Programas, Visado y Alojamiento. \u00a1Solicite ahora!\" \/>\n<meta name=\"robots\" content=\"index, follow, max-snippet:-1, max-image-preview:large, max-video-preview:-1\" \/>\n<link rel=\"canonical\" href=\"https:\/\/studyinvalencia.es\/es\/contacto\/\" \/>\n<meta property=\"og:locale\" content=\"es_ES\" \/>\n<meta property=\"og:type\" content=\"article\" \/>\n<meta property=\"og:title\" content=\"Contacte con nuestra escuela | Study in Valencia\" \/>\n<meta property=\"og:description\" content=\"Contacta con nosotros y obtenga orientaci\u00f3n personalizada para estudiar en Espa\u00f1a: Programas, Visado y Alojamiento. \u00a1Solicite ahora!\" \/>\n<meta property=\"og:url\" content=\"https:\/\/studyinvalencia.es\/es\/contacto\/\" \/>\n<meta property=\"og:site_name\" content=\"Study in Valencia\" \/>\n<meta property=\"article:modified_time\" content=\"2026-04-24T07:16:56+00:00\" \/>\n<meta property=\"og:image\" content=\"https:\/\/studyinvalencia.es\/wp-content\/uploads\/2024\/07\/LOGO-PROGRAMS-STUDY-IN-VALENCIA-10.png\" \/>\n\t<meta property=\"og:image:width\" content=\"177\" \/>\n\t<meta property=\"og:image:height\" content=\"179\" \/>\n\t<meta property=\"og:image:type\" content=\"image\/png\" \/>\n<meta name=\"twitter:card\" content=\"summary_large_image\" \/>\n<meta name=\"twitter:label1\" content=\"Tiempo de lectura\" \/>\n\t<meta name=\"twitter:data1\" content=\"2 minutos\" \/>\n<script type=\"application\/ld+json\" class=\"yoast-schema-graph\">{\"@context\":\"https:\\\/\\\/schema.org\",\"@graph\":[{\"@type\":\"WebPage\",\"@id\":\"https:\\\/\\\/studyinvalencia.es\\\/es\\\/contacto\\\/\",\"url\":\"https:\\\/\\\/studyinvalencia.es\\\/es\\\/contacto\\\/\",\"name\":\"\u00a1Contacta con Nuestra Escuela! | Study in Valencia\",\"isPartOf\":{\"@id\":\"https:\\\/\\\/studyinvalencia.es\\\/es\\\/#website\"},\"primaryImageOfPage\":{\"@id\":\"https:\\\/\\\/studyinvalencia.es\\\/es\\\/contacto\\\/#primaryimage\"},\"image\":{\"@id\":\"https:\\\/\\\/studyinvalencia.es\\\/es\\\/contacto\\\/#primaryimage\"},\"thumbnailUrl\":\"https:\\\/\\\/studyinvalencia.es\\\/wp-content\\\/uploads\\\/2024\\\/07\\\/LOGO-PROGRAMS-STUDY-IN-VALENCIA-10.png\",\"datePublished\":\"2024-04-10T12:26:57+00:00\",\"dateModified\":\"2026-04-24T07:16:56+00:00\",\"description\":\"Contacta con nosotros y obtenga orientaci\u00f3n personalizada para estudiar en Espa\u00f1a: Programas, Visado y Alojamiento. \u00a1Solicite ahora!\",\"breadcrumb\":{\"@id\":\"https:\\\/\\\/studyinvalencia.es\\\/es\\\/contacto\\\/#breadcrumb\"},\"inLanguage\":\"es\",\"potentialAction\":[{\"@type\":\"ReadAction\",\"target\":[\"https:\\\/\\\/studyinvalencia.es\\\/es\\\/contacto\\\/\"]}]},{\"@type\":\"ImageObject\",\"inLanguage\":\"es\",\"@id\":\"https:\\\/\\\/studyinvalencia.es\\\/es\\\/contacto\\\/#primaryimage\",\"url\":\"https:\\\/\\\/studyinvalencia.es\\\/wp-content\\\/uploads\\\/2024\\\/07\\\/LOGO-PROGRAMS-STUDY-IN-VALENCIA-10.png\",\"contentUrl\":\"https:\\\/\\\/studyinvalencia.es\\\/wp-content\\\/uploads\\\/2024\\\/07\\\/LOGO-PROGRAMS-STUDY-IN-VALENCIA-10.png\"},{\"@type\":\"BreadcrumbList\",\"@id\":\"https:\\\/\\\/studyinvalencia.es\\\/es\\\/contacto\\\/#breadcrumb\",\"itemListElement\":[{\"@type\":\"ListItem\",\"position\":1,\"name\":\"All Programas\",\"item\":\"https:\\\/\\\/studyinvalencia.es\\\/es\\\/\"},{\"@type\":\"ListItem\",\"position\":2,\"name\":\"CONTACTO\"}]},{\"@type\":\"WebSite\",\"@id\":\"https:\\\/\\\/studyinvalencia.es\\\/es\\\/#website\",\"url\":\"https:\\\/\\\/studyinvalencia.es\\\/es\\\/\",\"name\":\"Study in Valencia\",\"description\":\"Official Studies in Spain\",\"publisher\":{\"@id\":\"https:\\\/\\\/studyinvalencia.es\\\/es\\\/#organization\"},\"potentialAction\":[{\"@type\":\"SearchAction\",\"target\":{\"@type\":\"EntryPoint\",\"urlTemplate\":\"https:\\\/\\\/studyinvalencia.es\\\/es\\\/?s={search_term_string}\"},\"query-input\":{\"@type\":\"PropertyValueSpecification\",\"valueRequired\":true,\"valueName\":\"search_term_string\"}}],\"inLanguage\":\"es\"},{\"@type\":\"Organization\",\"@id\":\"https:\\\/\\\/studyinvalencia.es\\\/es\\\/#organization\",\"name\":\"Study in Valencia\",\"url\":\"https:\\\/\\\/studyinvalencia.es\\\/es\\\/\",\"logo\":{\"@type\":\"ImageObject\",\"inLanguage\":\"es\",\"@id\":\"https:\\\/\\\/studyinvalencia.es\\\/es\\\/#\\\/schema\\\/logo\\\/image\\\/\",\"url\":\"https:\\\/\\\/studyinvalencia.es\\\/wp-content\\\/uploads\\\/2024\\\/04\\\/LOGO-STUDY-IN-VALENCIA.png\",\"contentUrl\":\"https:\\\/\\\/studyinvalencia.es\\\/wp-content\\\/uploads\\\/2024\\\/04\\\/LOGO-STUDY-IN-VALENCIA.png\",\"width\":932,\"height\":932,\"caption\":\"Study in Valencia\"},\"image\":{\"@id\":\"https:\\\/\\\/studyinvalencia.es\\\/es\\\/#\\\/schema\\\/logo\\\/image\\\/\"}}]}<\/script>\n<!-- \/ Yoast SEO plugin. -->","yoast_head_json":{"title":"\u00a1Contacta con Nuestra Escuela! | Study in Valencia","description":"Contacta con nosotros y obtenga orientaci\u00f3n personalizada para estudiar en Espa\u00f1a: Programas, Visado y Alojamiento. \u00a1Solicite ahora!","robots":{"index":"index","follow":"follow","max-snippet":"max-snippet:-1","max-image-preview":"max-image-preview:large","max-video-preview":"max-video-preview:-1"},"canonical":"https:\/\/studyinvalencia.es\/es\/contacto\/","og_locale":"es_ES","og_type":"article","og_title":"Contacte con nuestra escuela | Study in Valencia","og_description":"Contacta con nosotros y obtenga orientaci\u00f3n personalizada para estudiar en Espa\u00f1a: Programas, Visado y Alojamiento. \u00a1Solicite ahora!","og_url":"https:\/\/studyinvalencia.es\/es\/contacto\/","og_site_name":"Study in Valencia","article_modified_time":"2026-04-24T07:16:56+00:00","og_image":[{"width":177,"height":179,"url":"https:\/\/studyinvalencia.es\/wp-content\/uploads\/2024\/07\/LOGO-PROGRAMS-STUDY-IN-VALENCIA-10.png","type":"image\/png"}],"twitter_card":"summary_large_image","twitter_misc":{"Tiempo de lectura":"2 minutos"},"schema":{"@context":"https:\/\/schema.org","@graph":[{"@type":"WebPage","@id":"https:\/\/studyinvalencia.es\/es\/contacto\/","url":"https:\/\/studyinvalencia.es\/es\/contacto\/","name":"\u00a1Contacta con Nuestra Escuela! | Study in Valencia","isPartOf":{"@id":"https:\/\/studyinvalencia.es\/es\/#website"},"primaryImageOfPage":{"@id":"https:\/\/studyinvalencia.es\/es\/contacto\/#primaryimage"},"image":{"@id":"https:\/\/studyinvalencia.es\/es\/contacto\/#primaryimage"},"thumbnailUrl":"https:\/\/studyinvalencia.es\/wp-content\/uploads\/2024\/07\/LOGO-PROGRAMS-STUDY-IN-VALENCIA-10.png","datePublished":"2024-04-10T12:26:57+00:00","dateModified":"2026-04-24T07:16:56+00:00","description":"Contacta con nosotros y obtenga orientaci\u00f3n personalizada para estudiar en Espa\u00f1a: Programas, Visado y Alojamiento. \u00a1Solicite ahora!","breadcrumb":{"@id":"https:\/\/studyinvalencia.es\/es\/contacto\/#breadcrumb"},"inLanguage":"es","potentialAction":[{"@type":"ReadAction","target":["https:\/\/studyinvalencia.es\/es\/contacto\/"]}]},{"@type":"ImageObject","inLanguage":"es","@id":"https:\/\/studyinvalencia.es\/es\/contacto\/#primaryimage","url":"https:\/\/studyinvalencia.es\/wp-content\/uploads\/2024\/07\/LOGO-PROGRAMS-STUDY-IN-VALENCIA-10.png","contentUrl":"https:\/\/studyinvalencia.es\/wp-content\/uploads\/2024\/07\/LOGO-PROGRAMS-STUDY-IN-VALENCIA-10.png"},{"@type":"BreadcrumbList","@id":"https:\/\/studyinvalencia.es\/es\/contacto\/#breadcrumb","itemListElement":[{"@type":"ListItem","position":1,"name":"All Programas","item":"https:\/\/studyinvalencia.es\/es\/"},{"@type":"ListItem","position":2,"name":"CONTACTO"}]},{"@type":"WebSite","@id":"https:\/\/studyinvalencia.es\/es\/#website","url":"https:\/\/studyinvalencia.es\/es\/","name":"Study in Valencia","description":"Official Studies in Spain","publisher":{"@id":"https:\/\/studyinvalencia.es\/es\/#organization"},"potentialAction":[{"@type":"SearchAction","target":{"@type":"EntryPoint","urlTemplate":"https:\/\/studyinvalencia.es\/es\/?s={search_term_string}"},"query-input":{"@type":"PropertyValueSpecification","valueRequired":true,"valueName":"search_term_string"}}],"inLanguage":"es"},{"@type":"Organization","@id":"https:\/\/studyinvalencia.es\/es\/#organization","name":"Study in Valencia","url":"https:\/\/studyinvalencia.es\/es\/","logo":{"@type":"ImageObject","inLanguage":"es","@id":"https:\/\/studyinvalencia.es\/es\/#\/schema\/logo\/image\/","url":"https:\/\/studyinvalencia.es\/wp-content\/uploads\/2024\/04\/LOGO-STUDY-IN-VALENCIA.png","contentUrl":"https:\/\/studyinvalencia.es\/wp-content\/uploads\/2024\/04\/LOGO-STUDY-IN-VALENCIA.png","width":932,"height":932,"caption":"Study in Valencia"},"image":{"@id":"https:\/\/studyinvalencia.es\/es\/#\/schema\/logo\/image\/"}}]}},"_links":{"self":[{"href":"https:\/\/studyinvalencia.es\/es\/wp-json\/wp\/v2\/pages\/9989","targetHints":{"allow":["GET"]}}],"collection":[{"href":"https:\/\/studyinvalencia.es\/es\/wp-json\/wp\/v2\/pages"}],"about":[{"href":"https:\/\/studyinvalencia.es\/es\/wp-json\/wp\/v2\/types\/page"}],"author":[{"embeddable":true,"href":"https:\/\/studyinvalencia.es\/es\/wp-json\/wp\/v2\/users\/1"}],"replies":[{"embeddable":true,"href":"https:\/\/studyinvalencia.es\/es\/wp-json\/wp\/v2\/comments?post=9989"}],"version-history":[{"count":5,"href":"https:\/\/studyinvalencia.es\/es\/wp-json\/wp\/v2\/pages\/9989\/revisions"}],"predecessor-version":[{"id":10163,"href":"https:\/\/studyinvalencia.es\/es\/wp-json\/wp\/v2\/pages\/9989\/revisions\/10163"}],"wp:attachment":[{"href":"https:\/\/studyinvalencia.es\/es\/wp-json\/wp\/v2\/media?parent=9989"}],"curies":[{"name":"wp","href":"https:\/\/api.w.org\/{rel}","templated":true}]}}